{"id":10008,"date":"2022-11-19T15:44:46","date_gmt":"2022-11-19T15:44:46","guid":{"rendered":"https:\/\/the7.io\/elementor-corporate\/?page_id=10008"},"modified":"2023-05-29T19:36:56","modified_gmt":"2023-05-29T17:36:56","slug":"presentation","status":"publish","type":"page","link":"http:\/\/comfactorybf.com\/opticalize\/presentation\/","title":{"rendered":"Pr\u00e9sentation"},"content":{"rendered":"\t\t<div data-elementor-type=\"wp-page\" data-elementor-id=\"10008\" class=\"elementor elementor-10008\" data-elementor-post-type=\"page\">\n\t\t\t\t\t\t<section class=\"elementor-section elementor-top-section elementor-element elementor-element-e2af816 elementor-section-boxed elementor-section-height-default elementor-section-height-default\" data-id=\"e2af816\" data-element_type=\"section\">\n\t\t\t\t\t\t<div class=\"elementor-container elementor-column-gap-wide\">\n\t\t\t\t\t<div class=\"elementor-column elementor-col-50 elementor-top-column elementor-element elementor-element-6eeb503\" data-id=\"6eeb503\" data-element_type=\"column\">\n\t\t\t<div class=\"elementor-widget-wrap elementor-element-populated\">\n\t\t\t\t\t\t<div class=\"elementor-element elementor-element-69e0c8a elementor-widget elementor-widget-image\" data-id=\"69e0c8a\" data-element_type=\"widget\" data-widget_type=\"image.default\">\n\t\t\t\t<div class=\"elementor-widget-container\">\n\t\t\t\t\t\t\t\t\t\t\t\t\t<img fetchpriority=\"high\" decoding=\"async\" width=\"576\" height=\"768\" src=\"http:\/\/comfactorybf.com\/opticalize\/wp-content\/uploads\/2022\/12\/Presentation.jpg\" class=\"attachment-large size-large wp-image-12730\" alt=\"\" srcset=\"http:\/\/comfactorybf.com\/opticalize\/wp-content\/uploads\/2022\/12\/Presentation-225x300.jpg 225w, http:\/\/comfactorybf.com\/opticalize\/wp-content\/uploads\/2022\/12\/Presentation-500x667.jpg 500w, http:\/\/comfactorybf.com\/opticalize\/wp-content\/uploads\/2022\/12\/Presentation.jpg 576w\" sizes=\"(max-width: 576px) 100vw, 576px\" \/>\t\t\t\t\t\t\t\t\t\t\t\t\t<\/div>\n\t\t\t\t<\/div>\n\t\t\t\t\t<\/div>\n\t\t<\/div>\n\t\t\t\t<div class=\"elementor-column elementor-col-50 elementor-top-column elementor-element elementor-element-c2e4edf\" data-id=\"c2e4edf\" data-element_type=\"column\">\n\t\t\t<div class=\"elementor-widget-wrap elementor-element-populated\">\n\t\t\t\t\t\t<div class=\"elementor-element elementor-element-8efc854 elementor-widget elementor-widget-heading\" data-id=\"8efc854\" data-element_type=\"widget\" data-widget_type=\"heading.default\">\n\t\t\t\t<div class=\"elementor-widget-container\">\n\t\t\t<h4 class=\"elementor-heading-title elementor-size-default\">Pr\u00e9sentation - Optic Aliz\u00e9<\/h4>\t\t<\/div>\n\t\t\t\t<\/div>\n\t\t\t\t<div class=\"elementor-element elementor-element-3f5b92b elementor-widget elementor-widget-spacer\" data-id=\"3f5b92b\" data-element_type=\"widget\" data-widget_type=\"spacer.default\">\n\t\t\t\t<div class=\"elementor-widget-container\">\n\t\t\t\t\t<div class=\"elementor-spacer\">\n\t\t\t<div class=\"elementor-spacer-inner\"><\/div>\n\t\t<\/div>\n\t\t\t\t<\/div>\n\t\t\t\t<\/div>\n\t\t\t\t<div class=\"elementor-element elementor-element-00da832 elementor-widget elementor-widget-spacer\" data-id=\"00da832\" data-element_type=\"widget\" data-widget_type=\"spacer.default\">\n\t\t\t\t<div class=\"elementor-widget-container\">\n\t\t\t\t\t<div class=\"elementor-spacer\">\n\t\t\t<div class=\"elementor-spacer-inner\"><\/div>\n\t\t<\/div>\n\t\t\t\t<\/div>\n\t\t\t\t<\/div>\n\t\t\t\t<div class=\"elementor-element elementor-element-cd240aa elementor-widget elementor-widget-text-editor\" data-id=\"cd240aa\" data-element_type=\"widget\" data-widget_type=\"text-editor.default\">\n\t\t\t\t<div class=\"elementor-widget-container\">\n\t\t\t\t\t\t\t<div style=\"text-align: justify;\" align=\"left\"><span style=\"font-size: 12pt;\">Depuis 2005, OPTIC ALIZE a \u00e9quip\u00e9 et fid\u00e9lis\u00e9 plus de 20.000 clients am\u00e9tropes dans sa chaine de six\u00a0agences au Burkina Faso.<\/span><\/div><div style=\"text-align: justify;\" align=\"left\">\u00a0<\/div><div style=\"text-align: justify;\" align=\"left\"><span style=\"font-size: 12pt;\">En partenariat avec les plus grands laboratoires europ\u00e9ens et les 13 compagnies d\u2019assurances au Burkina Faso, nous vous garantissons des verres correcteurs les plus appropri\u00e9s \u00e0 vos besoins.<\/span><\/div><div style=\"text-align: justify;\" align=\"left\">\u00a0<\/div><div style=\"text-align: justify;\" align=\"left\"><span style=\"font-size: 12pt;\">Parce que nous avons toujours souhait\u00e9 \u00eatre plus qu\u2019un opticien, fournisseur de verres, nous avons le souci constant de vous conseiller, vous aider \u00e0 choisir des solutions innovantes et diff\u00e9rentes.<\/span><\/div><div style=\"text-align: justify;\" align=\"left\">\u00a0<\/div><div style=\"text-align: justify;\" align=\"left\"><span style=\"font-size: 12pt;\">La sante de vos yeux est notre priorit\u00e9, c\u2019est pourquoi vous trouverez \u00e0 OPTIC ALIZE :<\/span><\/div><div align=\"left\"><ul><li style=\"text-align: justify;\"><span style=\"font-size: 12pt;\">Des opticiens dipl\u00f4m\u00e9s \u00e0 votre \u00e9coute<\/span><\/li><li style=\"text-align: justify;\"><span style=\"font-size: 12pt;\">Un service apr\u00e8s-vente gratuit<\/span><\/li><li style=\"text-align: justify;\"><span style=\"font-size: 12pt;\">Une garantie de 1 \u00e0 3 ans en cas de casse et\/ou rayures<\/span><\/li><li style=\"text-align: justify;\"><span style=\"font-size: 12pt;\">Un choix vari\u00e9 de montures de grandes marques<\/span><\/li><li style=\"text-align: justify;\"><span style=\"font-size: 12pt;\">Le meilleur rapport qualit\u00e9\/prix du march\u00e9<\/span><\/li><\/ul><\/div>\t\t\t\t\t\t<\/div>\n\t\t\t\t<\/div>\n\t\t\t\t\t<\/div>\n\t\t<\/div>\n\t\t\t\t\t<\/div>\n\t\t<\/section>\n\t\t\t\t<section class=\"elementor-section elementor-top-section elementor-element elementor-element-37f4f6f elementor-section-boxed elementor-section-height-default elementor-section-height-default\" data-id=\"37f4f6f\" data-element_type=\"section\" data-settings=\"{&quot;background_background&quot;:&quot;classic&quot;}\">\n\t\t\t\t\t\t<div class=\"elementor-container elementor-column-gap-wider\">\n\t\t\t\t\t<div class=\"elementor-column elementor-col-100 elementor-top-column elementor-element elementor-element-9890185\" data-id=\"9890185\" data-element_type=\"column\">\n\t\t\t<div class=\"elementor-widget-wrap elementor-element-populated\">\n\t\t\t\t\t\t<div class=\"elementor-element elementor-element-fc7056a elementor-widget elementor-widget-heading\" data-id=\"fc7056a\" data-element_type=\"widget\" data-widget_type=\"heading.default\">\n\t\t\t\t<div class=\"elementor-widget-container\">\n\t\t\t<h3 class=\"elementor-heading-title elementor-size-default\">Ces partenaires qui nous font confiance!<\/h3>\t\t<\/div>\n\t\t\t\t<\/div>\n\t\t\t\t\t<\/div>\n\t\t<\/div>\n\t\t\t\t\t<\/div>\n\t\t<\/section>\n\t\t\t\t<\/div>\n\t\t","protected":false},"excerpt":{"rendered":"<p>Pr\u00e9sentation &#8211; Optic Aliz\u00e9 Depuis 2005, OPTIC ALIZE a \u00e9quip\u00e9 [&hellip;]<\/p>\n","protected":false},"author":1,"featured_media":0,"parent":0,"menu_order":20,"comment_status":"closed","ping_status":"closed","template":"","meta":{"footnotes":""},"class_list":["post-10008","page","type-page","status-publish","hentry"],"_links":{"self":[{"href":"http:\/\/comfactorybf.com\/opticalize\/wp-json\/wp\/v2\/pages\/10008","targetHints":{"allow":["GET"]}}],"collection":[{"href":"http:\/\/comfactorybf.com\/opticalize\/wp-json\/wp\/v2\/pages"}],"about":[{"href":"http:\/\/comfactorybf.com\/opticalize\/wp-json\/wp\/v2\/types\/page"}],"author":[{"embeddable":true,"href":"http:\/\/comfactorybf.com\/opticalize\/wp-json\/wp\/v2\/users\/1"}],"replies":[{"embeddable":true,"href":"http:\/\/comfactorybf.com\/opticalize\/wp-json\/wp\/v2\/comments?post=10008"}],"version-history":[{"count":22,"href":"http:\/\/comfactorybf.com\/opticalize\/wp-json\/wp\/v2\/pages\/10008\/revisions"}],"predecessor-version":[{"id":13537,"href":"http:\/\/comfactorybf.com\/opticalize\/wp-json\/wp\/v2\/pages\/10008\/revisions\/13537"}],"wp:attachment":[{"href":"http:\/\/comfactorybf.com\/opticalize\/wp-json\/wp\/v2\/media?parent=10008"}],"curies":[{"name":"wp","href":"https:\/\/api.w.org\/{rel}","templated":true}]}}